{"id":2,"date":"2014-03-03T12:41:30","date_gmt":"2014-03-03T10:41:30","guid":{"rendered":"https:\/\/www.convenience.cc\/?page_id=2"},"modified":"2014-03-03T13:44:03","modified_gmt":"2014-03-03T11:44:03","slug":"beispiel-seite","status":"publish","type":"page","link":"https:\/\/www.convenience.cc\/?page_id=2","title":{"rendered":"Salatmischungen"},"content":{"rendered":"<div id=\"attachment_14\" style=\"width: 310px\" class=\"wp-caption alignnone\"><a href=\"https:\/\/www.convenience.cc\/wp-content\/uploads\/2012\/10\/wildkr.png\"><img aria-describedby=\"caption-attachment-14\" decoding=\"async\" loading=\"lazy\" class=\"size-medium wp-image-14\" alt=\"Wildkr\u00e4utersalat\" src=\"https:\/\/www.convenience.cc\/wp-content\/uploads\/2012\/10\/wildkr-300x199.png\" width=\"300\" height=\"199\" srcset=\"https:\/\/www.convenience.cc\/wp-content\/uploads\/2012\/10\/wildkr-300x199.png 300w, https:\/\/www.convenience.cc\/wp-content\/uploads\/2012\/10\/wildkr-1024x679.png 1024w, https:\/\/www.convenience.cc\/wp-content\/uploads\/2012\/10\/wildkr-451x300.png 451w\" sizes=\"(max-width: 300px) 100vw, 300px\" \/><\/a><p id=\"caption-attachment-14\" class=\"wp-caption-text\">Teddyb\u00e4r Convenience Wildkr\u00e4utersalat<\/p><\/div>\n<p>Teddyb\u00e4r Convenience hat ein<span style=\"color: #333333;\"> Programm<\/span> von verschiedenen Salatmischungen zusammen gestellt, welches auch hochwertigen Anspr\u00fcchen gerecht wird.<\/p>\n<p>Besonders beliebt ist der Wildkr\u00e4utersalat.<\/p>\n<p><span>Wildkr\u00e4uter je nach Saison wie Schafgarbe, Pimpinelle, wilder Koriander, Brunnenkresse, L\u00f6wenzahn und Rauke werden mit ausgesuchten Asia Salaten kombiniert. Dekorative Bl\u00fcten wie Veilchen, Stiefm\u00fctterchen, Sauerklee und Ringelbl\u00fcten geben den aromatischen Babyleafs Farbe. Ob exotisch mit Garnelen und Ingwer oder klassisch mit Lammmedaillons oder gegrilltem Ziegenk\u00e4se, der Wildkr\u00e4utersalat sieht immer gut aus.<\/span><\/p>\n","protected":false},"excerpt":{"rendered":"<p>Teddyb\u00e4r Convenience hat ein Programm von verschiedenen Salatmischungen zusammen gestellt, welches auch hochwertigen Anspr\u00fcchen gerecht wird. Besonders beliebt ist der Wildkr\u00e4utersalat. Wildkr\u00e4uter je nach Saison wie Schafgarbe, Pimpinelle, wilder Koriander, Brunnenkresse, L\u00f6wenzahn und Rauke werden mit ausgesuchten Asia Salaten kombiniert. &hellip; <a href=\"https:\/\/www.convenience.cc\/?page_id=2\">Weiterlesen <span class=\"meta-nav\">&rarr;<\/span><\/a><\/p>\n","protected":false},"author":1,"featured_media":4,"parent":0,"menu_order":0,"comment_status":"open","ping_status":"open","template":"","meta":[],"_links":{"self":[{"href":"https:\/\/www.convenience.cc\/index.php?rest_route=\/wp\/v2\/pages\/2"}],"collection":[{"href":"https:\/\/www.convenience.cc\/index.php?rest_route=\/wp\/v2\/pages"}],"about":[{"href":"https:\/\/www.convenience.cc\/index.php?rest_route=\/wp\/v2\/types\/page"}],"author":[{"embeddable":true,"href":"https:\/\/www.convenience.cc\/index.php?rest_route=\/wp\/v2\/users\/1"}],"replies":[{"embeddable":true,"href":"https:\/\/www.convenience.cc\/index.php?rest_route=%2Fwp%2Fv2%2Fcomments&post=2"}],"version-history":[{"count":2,"href":"https:\/\/www.convenience.cc\/index.php?rest_route=\/wp\/v2\/pages\/2\/revisions"}],"predecessor-version":[{"id":13,"href":"https:\/\/www.convenience.cc\/index.php?rest_route=\/wp\/v2\/pages\/2\/revisions\/13"}],"wp:featuredmedia":[{"embeddable":true,"href":"https:\/\/www.convenience.cc\/index.php?rest_route=\/wp\/v2\/media\/4"}],"wp:attachment":[{"href":"https:\/\/www.convenience.cc\/index.php?rest_route=%2Fwp%2Fv2%2Fmedia&parent=2"}],"curies":[{"name":"wp","href":"https:\/\/api.w.org\/{rel}","templated":true}]}}